{"id":10344,"date":"2022-06-30T10:29:42","date_gmt":"2022-06-30T08:29:42","guid":{"rendered":"https:\/\/construcia-stg.servidortemporal.net\/?page_id=10344"},"modified":"2022-07-01T09:04:38","modified_gmt":"2022-07-01T07:04:38","slug":"sustentabilidade","status":"publish","type":"page","link":"https:\/\/construcia-stg.servidortemporal.net\/pt\/sustentabilidade\/","title":{"rendered":"Sustentabilidade"},"content":{"rendered":"\t\t<div data-elementor-type=\"wp-page\" data-elementor-id=\"10344\" class=\"elementor elementor-10344 elementor-10335\" data-elementor-post-type=\"page\">\n\t\t\t\t\t\t<section class=\"elementor-section elementor-top-section elementor-element elementor-element-91d0fd3 elementor-section-boxed elementor-section-height-default elementor-section-height-default\" data-id=\"91d0fd3\" data-element_type=\"section\">\n\t\t\t\t\t\t<div class=\"elementor-container elementor-column-gap-no\">\n\t\t\t\t\t<div class=\"elementor-column elementor-col-100 elementor-top-column elementor-element elementor-element-7ef418b\" data-id=\"7ef418b\" data-element_type=\"column\">\n\t\t\t<div class=\"elementor-widget-wrap elementor-element-populated\">\n\t\t\t\t\t\t<div class=\"elementor-element elementor-element-e2efa61 elementor-widget elementor-widget-spacer\" data-id=\"e2efa61\" data-element_type=\"widget\" data-widget_type=\"spacer.default\">\n\t\t\t\t<div class=\"elementor-widget-container\">\n\t\t\t\t\t\t\t<div class=\"elementor-spacer\">\n\t\t\t<div class=\"elementor-spacer-inner\"><\/div>\n\t\t<\/div>\n\t\t\t\t\t\t<\/div>\n\t\t\t\t<\/div>\n\t\t\t\t<div class=\"elementor-element elementor-element-4e0da3a elementor-widget elementor-widget-text-editor\" data-id=\"4e0da3a\" data-element_type=\"widget\" data-widget_type=\"text-editor.default\">\n\t\t\t\t<div class=\"elementor-widget-container\">\n\t\t\t\t\t\t\t\t\t<p>Assumimos um compromisso real com a sustentabilidade, verific\u00e1vel atrav\u00e9s de projetos de economia circular. Entendemos esse compromisso como um processo de inova\u00e7\u00e3o e futuro, em linha com a nossa preocupa\u00e7\u00e3o em buscar novos modelos de neg\u00f3cio que garantam uma melhor perspetiva para as gera\u00e7\u00f5es futuras.<\/p><p>\u00a0<\/p><p>\u00a0<\/p><p>O Grupo Construc\u00eda possui um sistema de gest\u00e3o da qualidade, meio ambiente e sa\u00fade e seguran\u00e7a de acordo com as normas internacionais ISO e integrado ao sistema de gest\u00e3o geral da empresa, aplic\u00e1vel a todas as obras e locais de trabalho.<\/p><p>\u00a0<\/p><p>\u00a0<\/p><p>Consulte aqui a nossa <a href=\"https:\/\/construcia-stg.servidortemporal.net\/wp-content\/uploads\/2022\/07\/Anexo-II-Politica-del-SIG-PT.pdf\" target=\"_blank\" rel=\"noopener\">Pol\u00edtica de Qualidade, Ambiente e Sa\u00fade e Seguran\u00e7a<\/a> e as certifica\u00e7\u00f5es das normas <a href=\"https:\/\/construcia-stg.servidortemporal.net\/wp-content\/uploads\/2022\/07\/9001-carta-individual-CONSTRUC\u00cdA-LDA-port.pdf\" target=\"_blank\" rel=\"noopener\">UNE-EN ISO 9001:2015<\/a>, <a href=\"https:\/\/construcia-stg.servidortemporal.net\/wp-content\/uploads\/2022\/07\/14001-carta-individual-CONSTRUC\u00cdA-LDA-port.pdf\" target=\"_blank\" rel=\"noopener\">UNE-EN ISO 14001:2015<\/a> e <a href=\"https:\/\/construcia-stg.servidortemporal.net\/wp-content\/uploads\/2022\/07\/45001-carta-individual-CONSTRUC\u00cdA-LDA-port.pdf\" target=\"_blank\" rel=\"noopener\">ISO 45001:2018<\/a>.<\/p><p>\u00a0<\/p><p>\u00a0<\/p><p>Em caso de d\u00favidas ou coment\u00e1rios sobre o nosso sistema de gest\u00e3o integrado, pode transmiti-los atrav\u00e9s dos seguintes meios:<\/p><p>\u00a0<\/p><p>\u00a0<\/p><p>** <a href=\"mailto:calidad@construcia.com\">calidad@construcia.com<\/a> **<\/p><p>** 935 441 811 **<\/p><p>\u00a0<\/p>\t\t\t\t\t\t\t\t<\/div>\n\t\t\t\t<\/div>\n\t\t\t\t\t<\/div>\n\t\t<\/div>\n\t\t\t\t\t<\/div>\n\t\t<\/section>\n\t\t\t\t<\/div>\n\t\t","protected":false},"excerpt":{"rendered":"<p>Assumimos um compromisso real com a sustentabilidade, verific\u00e1vel atrav\u00e9s de projetos de economia circular. Entendemos esse compromisso como um processo de inova\u00e7\u00e3o e futuro, em linha com a nossa preocupa\u00e7\u00e3o em buscar novos modelos de neg\u00f3cio que garantam uma melhor perspetiva para as gera\u00e7\u00f5es futuras. \u00a0 \u00a0 O Grupo Construc\u00eda possui um sistema de gest\u00e3o [&hellip;]<\/p>\n","protected":false},"author":11,"featured_media":0,"parent":0,"menu_order":0,"comment_status":"closed","ping_status":"closed","template":"template-pages\/template-cookies.php","meta":{"_acf_changed":false,"inline_featured_image":false,"footnotes":""},"class_list":["post-10344","page","type-page","status-publish","hentry"],"acf":[],"yoast_head":"<!-- This site is optimized with the Yoast SEO plugin v26.0 - https:\/\/yoast.com\/wordpress\/plugins\/seo\/ -->\n<title>Sustentabilidade - Construc\u00eda<\/title>\n<meta name=\"robots\" content=\"noindex, follow, max-snippet:-1, max-image-preview:large, max-video-preview:-1\" \/>\n<meta property=\"og:locale\" content=\"pt_PT\" \/>\n<meta property=\"og:type\" content=\"article\" \/>\n<meta property=\"og:title\" content=\"Sustentabilidade - Construc\u00eda\" \/>\n<meta property=\"og:description\" content=\"Assumimos um compromisso real com a sustentabilidade, verific\u00e1vel atrav\u00e9s de projetos de economia circular. Entendemos esse compromisso como um processo de inova\u00e7\u00e3o e futuro, em linha com a nossa preocupa\u00e7\u00e3o em buscar novos modelos de neg\u00f3cio que garantam uma melhor perspetiva para as gera\u00e7\u00f5es futuras. \u00a0 \u00a0 O Grupo Construc\u00eda possui um sistema de gest\u00e3o [&hellip;]\" \/>\n<meta property=\"og:url\" content=\"https:\/\/construcia-stg.servidortemporal.net\/pt\/sustentabilidade\/\" \/>\n<meta property=\"og:site_name\" content=\"Construc\u00eda\" \/>\n<meta property=\"article:modified_time\" content=\"2022-07-01T07:04:38+00:00\" \/>\n<meta name=\"twitter:card\" content=\"summary_large_image\" \/>\n<meta name=\"twitter:label1\" content=\"Est. reading time\" \/>\n\t<meta name=\"twitter:data1\" content=\"1 minute\" \/>\n<script type=\"application\/ld+json\" class=\"yoast-schema-graph\">{\"@context\":\"https:\/\/schema.org\",\"@graph\":[{\"@type\":\"WebPage\",\"@id\":\"https:\/\/construcia-stg.servidortemporal.net\/pt\/sustentabilidade\/\",\"url\":\"https:\/\/construcia-stg.servidortemporal.net\/pt\/sustentabilidade\/\",\"name\":\"Sustentabilidade - Construc\u00eda\",\"isPartOf\":{\"@id\":\"https:\/\/construcia-stg.servidortemporal.net\/pt\/#website\"},\"datePublished\":\"2022-06-30T08:29:42+00:00\",\"dateModified\":\"2022-07-01T07:04:38+00:00\",\"breadcrumb\":{\"@id\":\"https:\/\/construcia-stg.servidortemporal.net\/pt\/sustentabilidade\/#breadcrumb\"},\"inLanguage\":\"pt\",\"potentialAction\":[{\"@type\":\"ReadAction\",\"target\":[\"https:\/\/construcia-stg.servidortemporal.net\/pt\/sustentabilidade\/\"]}]},{\"@type\":\"BreadcrumbList\",\"@id\":\"https:\/\/construcia-stg.servidortemporal.net\/pt\/sustentabilidade\/#breadcrumb\",\"itemListElement\":[{\"@type\":\"ListItem\",\"position\":1,\"name\":\"Portada\",\"item\":\"https:\/\/construcia-stg.servidortemporal.net\/pt\/\"},{\"@type\":\"ListItem\",\"position\":2,\"name\":\"Sustentabilidade\"}]},{\"@type\":\"WebSite\",\"@id\":\"https:\/\/construcia-stg.servidortemporal.net\/pt\/#website\",\"url\":\"https:\/\/construcia-stg.servidortemporal.net\/pt\/\",\"name\":\"Construc\u00eda\",\"description\":\"\",\"publisher\":{\"@id\":\"https:\/\/construcia-stg.servidortemporal.net\/pt\/#organization\"},\"potentialAction\":[{\"@type\":\"SearchAction\",\"target\":{\"@type\":\"EntryPoint\",\"urlTemplate\":\"https:\/\/construcia-stg.servidortemporal.net\/pt\/?s={search_term_string}\"},\"query-input\":{\"@type\":\"PropertyValueSpecification\",\"valueRequired\":true,\"valueName\":\"search_term_string\"}}],\"inLanguage\":\"pt\"},{\"@type\":\"Organization\",\"@id\":\"https:\/\/construcia-stg.servidortemporal.net\/pt\/#organization\",\"name\":\"Construc\u00eda\",\"url\":\"https:\/\/construcia-stg.servidortemporal.net\/pt\/\",\"logo\":{\"@type\":\"ImageObject\",\"inLanguage\":\"pt\",\"@id\":\"https:\/\/construcia-stg.servidortemporal.net\/pt\/#\/schema\/logo\/image\/\",\"url\":\"https:\/\/construcia-stg.servidortemporal.net\/wp-content\/uploads\/2018\/06\/logo-construcia-ok.png\",\"contentUrl\":\"https:\/\/construcia-stg.servidortemporal.net\/wp-content\/uploads\/2018\/06\/logo-construcia-ok.png\",\"width\":327,\"height\":66,\"caption\":\"Construc\u00eda\"},\"image\":{\"@id\":\"https:\/\/construcia-stg.servidortemporal.net\/pt\/#\/schema\/logo\/image\/\"}}]}<\/script>\n<!-- \/ Yoast SEO plugin. -->","yoast_head_json":{"title":"Sustentabilidade - Construc\u00eda","robots":{"index":"noindex","follow":"follow","max-snippet":"max-snippet:-1","max-image-preview":"max-image-preview:large","max-video-preview":"max-video-preview:-1"},"og_locale":"pt_PT","og_type":"article","og_title":"Sustentabilidade - Construc\u00eda","og_description":"Assumimos um compromisso real com a sustentabilidade, verific\u00e1vel atrav\u00e9s de projetos de economia circular. Entendemos esse compromisso como um processo de inova\u00e7\u00e3o e futuro, em linha com a nossa preocupa\u00e7\u00e3o em buscar novos modelos de neg\u00f3cio que garantam uma melhor perspetiva para as gera\u00e7\u00f5es futuras. \u00a0 \u00a0 O Grupo Construc\u00eda possui um sistema de gest\u00e3o [&hellip;]","og_url":"https:\/\/construcia-stg.servidortemporal.net\/pt\/sustentabilidade\/","og_site_name":"Construc\u00eda","article_modified_time":"2022-07-01T07:04:38+00:00","twitter_card":"summary_large_image","twitter_misc":{"Est. reading time":"1 minute"},"schema":{"@context":"https:\/\/schema.org","@graph":[{"@type":"WebPage","@id":"https:\/\/construcia-stg.servidortemporal.net\/pt\/sustentabilidade\/","url":"https:\/\/construcia-stg.servidortemporal.net\/pt\/sustentabilidade\/","name":"Sustentabilidade - Construc\u00eda","isPartOf":{"@id":"https:\/\/construcia-stg.servidortemporal.net\/pt\/#website"},"datePublished":"2022-06-30T08:29:42+00:00","dateModified":"2022-07-01T07:04:38+00:00","breadcrumb":{"@id":"https:\/\/construcia-stg.servidortemporal.net\/pt\/sustentabilidade\/#breadcrumb"},"inLanguage":"pt","potentialAction":[{"@type":"ReadAction","target":["https:\/\/construcia-stg.servidortemporal.net\/pt\/sustentabilidade\/"]}]},{"@type":"BreadcrumbList","@id":"https:\/\/construcia-stg.servidortemporal.net\/pt\/sustentabilidade\/#breadcrumb","itemListElement":[{"@type":"ListItem","position":1,"name":"Portada","item":"https:\/\/construcia-stg.servidortemporal.net\/pt\/"},{"@type":"ListItem","position":2,"name":"Sustentabilidade"}]},{"@type":"WebSite","@id":"https:\/\/construcia-stg.servidortemporal.net\/pt\/#website","url":"https:\/\/construcia-stg.servidortemporal.net\/pt\/","name":"Construc\u00eda","description":"","publisher":{"@id":"https:\/\/construcia-stg.servidortemporal.net\/pt\/#organization"},"potentialAction":[{"@type":"SearchAction","target":{"@type":"EntryPoint","urlTemplate":"https:\/\/construcia-stg.servidortemporal.net\/pt\/?s={search_term_string}"},"query-input":{"@type":"PropertyValueSpecification","valueRequired":true,"valueName":"search_term_string"}}],"inLanguage":"pt"},{"@type":"Organization","@id":"https:\/\/construcia-stg.servidortemporal.net\/pt\/#organization","name":"Construc\u00eda","url":"https:\/\/construcia-stg.servidortemporal.net\/pt\/","logo":{"@type":"ImageObject","inLanguage":"pt","@id":"https:\/\/construcia-stg.servidortemporal.net\/pt\/#\/schema\/logo\/image\/","url":"https:\/\/construcia-stg.servidortemporal.net\/wp-content\/uploads\/2018\/06\/logo-construcia-ok.png","contentUrl":"https:\/\/construcia-stg.servidortemporal.net\/wp-content\/uploads\/2018\/06\/logo-construcia-ok.png","width":327,"height":66,"caption":"Construc\u00eda"},"image":{"@id":"https:\/\/construcia-stg.servidortemporal.net\/pt\/#\/schema\/logo\/image\/"}}]}},"_links":{"self":[{"href":"https:\/\/construcia-stg.servidortemporal.net\/pt\/wp-json\/wp\/v2\/pages\/10344","targetHints":{"allow":["GET"]}}],"collection":[{"href":"https:\/\/construcia-stg.servidortemporal.net\/pt\/wp-json\/wp\/v2\/pages"}],"about":[{"href":"https:\/\/construcia-stg.servidortemporal.net\/pt\/wp-json\/wp\/v2\/types\/page"}],"author":[{"embeddable":true,"href":"https:\/\/construcia-stg.servidortemporal.net\/pt\/wp-json\/wp\/v2\/users\/11"}],"replies":[{"embeddable":true,"href":"https:\/\/construcia-stg.servidortemporal.net\/pt\/wp-json\/wp\/v2\/comments?post=10344"}],"version-history":[{"count":6,"href":"https:\/\/construcia-stg.servidortemporal.net\/pt\/wp-json\/wp\/v2\/pages\/10344\/revisions"}],"predecessor-version":[{"id":10410,"href":"https:\/\/construcia-stg.servidortemporal.net\/pt\/wp-json\/wp\/v2\/pages\/10344\/revisions\/10410"}],"wp:attachment":[{"href":"https:\/\/construcia-stg.servidortemporal.net\/pt\/wp-json\/wp\/v2\/media?parent=10344"}],"curies":[{"name":"wp","href":"https:\/\/api.w.org\/{rel}","templated":true}]}}