{"id":4621,"date":"2019-10-28T16:51:13","date_gmt":"2019-10-28T14:51:13","guid":{"rendered":"https:\/\/sftp.construcia.com\/?page_id=4621"},"modified":"2023-10-13T13:57:02","modified_gmt":"2023-10-13T11:57:02","slug":"politica-de-privacidad","status":"publish","type":"page","link":"https:\/\/construcia-stg.servidortemporal.net\/pt\/politica-de-privacidad\/","title":{"rendered":"Pol\u00edtica de Privacidade"},"content":{"rendered":"\t\t<div data-elementor-type=\"wp-page\" data-elementor-id=\"4621\" class=\"elementor elementor-4621 elementor-4614\" data-elementor-post-type=\"page\">\n\t\t\t\t\t\t<section class=\"elementor-section elementor-top-section elementor-element elementor-element-73dc5c3 elementor-section-boxed elementor-section-height-default elementor-section-height-default\" data-id=\"73dc5c3\" data-element_type=\"section\">\n\t\t\t\t\t\t<div class=\"elementor-container elementor-column-gap-default\">\n\t\t\t\t\t<div class=\"elementor-column elementor-col-100 elementor-top-column elementor-element elementor-element-e8370cb\" data-id=\"e8370cb\" data-element_type=\"column\">\n\t\t\t<div class=\"elementor-widget-wrap elementor-element-populated\">\n\t\t\t\t\t\t<div class=\"elementor-element elementor-element-9ef58c0 elementor-widget elementor-widget-spacer\" data-id=\"9ef58c0\" data-element_type=\"widget\" data-widget_type=\"spacer.default\">\n\t\t\t\t<div class=\"elementor-widget-container\">\n\t\t\t\t\t\t\t<div class=\"elementor-spacer\">\n\t\t\t<div class=\"elementor-spacer-inner\"><\/div>\n\t\t<\/div>\n\t\t\t\t\t\t<\/div>\n\t\t\t\t<\/div>\n\t\t\t\t\t<\/div>\n\t\t<\/div>\n\t\t\t\t\t<\/div>\n\t\t<\/section>\n\t\t\t\t<section class=\"elementor-section elementor-top-section elementor-element elementor-element-1c57fa78 elementor-section-boxed elementor-section-height-default elementor-section-height-default\" data-id=\"1c57fa78\" data-element_type=\"section\">\n\t\t\t\t\t\t<div class=\"elementor-container elementor-column-gap-no\">\n\t\t\t\t\t<div class=\"elementor-column elementor-col-100 elementor-top-column elementor-element elementor-element-728dc691\" data-id=\"728dc691\" data-element_type=\"column\">\n\t\t\t<div class=\"elementor-widget-wrap elementor-element-populated\">\n\t\t\t\t\t\t<div class=\"elementor-element elementor-element-62603719 elementor-widget elementor-widget-text-editor\" data-id=\"62603719\" data-element_type=\"widget\" data-widget_type=\"text-editor.default\">\n\t\t\t\t<div class=\"elementor-widget-container\">\n\t\t\t\t\t\t\t\t\t<p>Utiliza\u00e7\u00e3o e finalidade dos dados obtidos<\/p>\t\t\t\t\t\t\t\t<\/div>\n\t\t\t\t<\/div>\n\t\t\t\t<div class=\"elementor-element elementor-element-406ebb62 elementor-widget elementor-widget-spacer\" data-id=\"406ebb62\" data-element_type=\"widget\" data-widget_type=\"spacer.default\">\n\t\t\t\t<div class=\"elementor-widget-container\">\n\t\t\t\t\t\t\t<div class=\"elementor-spacer\">\n\t\t\t<div class=\"elementor-spacer-inner\"><\/div>\n\t\t<\/div>\n\t\t\t\t\t\t<\/div>\n\t\t\t\t<\/div>\n\t\t\t\t<div class=\"elementor-element elementor-element-19e4b5e1 elementor-widget elementor-widget-text-editor\" data-id=\"19e4b5e1\" data-element_type=\"widget\" data-widget_type=\"text-editor.default\">\n\t\t\t\t<div class=\"elementor-widget-container\">\n\t\t\t\t\t\t\t\t\t<p>Os dados que lhe pedimos nos diferentes formul\u00e1rios do nosso s\u00edtio web s\u00e3o adequados, pertinentes e estritamente necess\u00e1rios para gerirmos e processarmos o pedido que nos fez e podermos enviar-lhe informa\u00e7\u00f5es sobre os nossos servi\u00e7os e, em caso algum, o utilizador \u00e9 obrigado a facult\u00e1-los. Informamos-lhe que os seus dados poder\u00e3o ser cedidos a outras empresas do Grupo com esta finalidade e transferidos para pa\u00edses terceiros fora do \u00e2mbito do Espa\u00e7o Econ\u00f3mico Europeu, por causa da infraestrutura de sistemas inform\u00e1ticos da EMPRESA.<\/p><p>\u00a0<\/p><p>Os dados de preenchimento obrigat\u00f3rio s\u00e3o especificados no pr\u00f3prio formul\u00e1rio e a sua recusa em facult\u00e1-los impossibilitar\u00e1 a gest\u00e3o do seu pedido. Ao mesmo tempo, assegura-nos que todos os dados facultados s\u00e3o verdadeiros, fi\u00e9is e pertinentes para a finalidade para a qual foram solicitados.<\/p><p>\u00a0<\/p><p>Os dados pessoais facultados ser\u00e3o conservados durante o tempo em que se mantiver a rela\u00e7\u00e3o comercial. Uma vez finalizada essa rela\u00e7\u00e3o, manter-se-\u00e3o bloqueados durante o per\u00edodo legalmente estabelecido, antes de serem destru\u00eddos.<\/p><p>\u00a0<\/p><p>O envio dos mesmos implica a sua autoriza\u00e7\u00e3o expressa para a respetiva integra\u00e7\u00e3o nos nossos ficheiros correspondentes, sempre que a CONSTRUCIA, S.L. o considerar conveniente para a gest\u00e3o do pedido solicitado.<\/p><p>\u00a0<\/p><p>\u00c9 importante que, para que possamos manter os seus dados pessoais atualizados, nos informe sempre que houver alguma modifica\u00e7\u00e3o dos dados. Caso contr\u00e1rio, n\u00e3o garantimos a veracidade dos mesmos. Consideramos que, se n\u00e3o cancelar expressamente os seus dados pessoais que se encontram nos nossos ficheiros, continua interessado em que estes se mantenham nos ficheiros, at\u00e9 que o Respons\u00e1vel considere oportuno e enquanto for adequado para a finalidade para a qual foram recolhidos.<\/p>\t\t\t\t\t\t\t\t<\/div>\n\t\t\t\t<\/div>\n\t\t\t\t<div class=\"elementor-element elementor-element-432b3a4 elementor-widget elementor-widget-text-editor\" data-id=\"432b3a4\" data-element_type=\"widget\" data-widget_type=\"text-editor.default\">\n\t\t\t\t<div class=\"elementor-widget-container\">\n\t\t\t\t\t\t\t\t\t<p>Direitos dos interessados<\/p>\t\t\t\t\t\t\t\t<\/div>\n\t\t\t\t<\/div>\n\t\t\t\t<div class=\"elementor-element elementor-element-85175bb elementor-widget elementor-widget-spacer\" data-id=\"85175bb\" data-element_type=\"widget\" data-widget_type=\"spacer.default\">\n\t\t\t\t<div class=\"elementor-widget-container\">\n\t\t\t\t\t\t\t<div class=\"elementor-spacer\">\n\t\t\t<div class=\"elementor-spacer-inner\"><\/div>\n\t\t<\/div>\n\t\t\t\t\t\t<\/div>\n\t\t\t\t<\/div>\n\t\t\t\t<div class=\"elementor-element elementor-element-bacfa8d elementor-widget elementor-widget-text-editor\" data-id=\"bacfa8d\" data-element_type=\"widget\" data-widget_type=\"text-editor.default\">\n\t\t\t\t<div class=\"elementor-widget-container\">\n\t\t\t\t\t\t\t\t\t<p>O titular dos dados pessoais tem direito a:<\/p>\t\t\t\t\t\t\t\t<\/div>\n\t\t\t\t<\/div>\n\t\t\t\t<div class=\"elementor-element elementor-element-0fb4f62 elementor-icon-list--layout-traditional elementor-list-item-link-full_width elementor-widget elementor-widget-icon-list\" data-id=\"0fb4f62\" data-element_type=\"widget\" data-widget_type=\"icon-list.default\">\n\t\t\t\t<div class=\"elementor-widget-container\">\n\t\t\t\t\t\t\t<ul class=\"elementor-icon-list-items\">\n\t\t\t\t\t\t\t<li class=\"elementor-icon-list-item\">\n\t\t\t\t\t\t\t\t\t\t\t<span class=\"elementor-icon-list-icon\">\n\t\t\t\t\t\t\t<i aria-hidden=\"true\" class=\"fas fa-square-full\"><\/i>\t\t\t\t\t\t<\/span>\n\t\t\t\t\t\t\t\t\t\t<span class=\"elementor-icon-list-text\">Obter confirma\u00e7\u00e3o sobre se o Respons\u00e1vel est\u00e1 ou n\u00e3o a tratar os seus dados pessoais.<\/span>\n\t\t\t\t\t\t\t\t\t<\/li>\n\t\t\t\t\t\t\t\t<li class=\"elementor-icon-list-item\">\n\t\t\t\t\t\t\t\t\t\t\t<span class=\"elementor-icon-list-icon\">\n\t\t\t\t\t\t\t<i aria-hidden=\"true\" class=\"fas fa-square-full\"><\/i>\t\t\t\t\t\t<\/span>\n\t\t\t\t\t\t\t\t\t\t<span class=\"elementor-icon-list-text\">Aceder aos seus dados pessoais, bem como solicitar a retifica\u00e7\u00e3o dos dados imprecisos ou, se for caso disso, solicitar a sua elimina\u00e7\u00e3o quando, entre outros motivos, os dados j\u00e1 n\u00e3o forem necess\u00e1rios para os fins para os quais foram recolhidos.<\/span>\n\t\t\t\t\t\t\t\t\t<\/li>\n\t\t\t\t\t\t\t\t<li class=\"elementor-icon-list-item\">\n\t\t\t\t\t\t\t\t\t\t\t<span class=\"elementor-icon-list-icon\">\n\t\t\t\t\t\t\t<i aria-hidden=\"true\" class=\"fas fa-square-full\"><\/i>\t\t\t\t\t\t<\/span>\n\t\t\t\t\t\t\t\t\t\t<span class=\"elementor-icon-list-text\">Em determinadas circunst\u00e2ncias, os interessados podem solicitar a limita\u00e7\u00e3o do tratamento dos seus dados. Nesse caso, os dados apenas ser\u00e3o conservados pelo Respons\u00e1vel para o exerc\u00edcio ou a defesa de reclama\u00e7\u00f5es.<\/span>\n\t\t\t\t\t\t\t\t\t<\/li>\n\t\t\t\t\t\t\t\t<li class=\"elementor-icon-list-item\">\n\t\t\t\t\t\t\t\t\t\t\t<span class=\"elementor-icon-list-icon\">\n\t\t\t\t\t\t\t<i aria-hidden=\"true\" class=\"fas fa-square-full\"><\/i>\t\t\t\t\t\t<\/span>\n\t\t\t\t\t\t\t\t\t\t<span class=\"elementor-icon-list-text\">Em determinadas circunst\u00e2ncias, e por motivos relacionados com a sua situa\u00e7\u00e3o espec\u00edfica, os interessados poder\u00e3o opor-se ao tratamento dos seus dados.<\/span>\n\t\t\t\t\t\t\t\t\t<\/li>\n\t\t\t\t\t\t\t\t<li class=\"elementor-icon-list-item\">\n\t\t\t\t\t\t\t\t\t\t\t<span class=\"elementor-icon-list-icon\">\n\t\t\t\t\t\t\t<i aria-hidden=\"true\" class=\"fas fa-square-full\"><\/i>\t\t\t\t\t\t<\/span>\n\t\t\t\t\t\t\t\t\t\t<span class=\"elementor-icon-list-text\">Em determinadas circunst\u00e2ncias, em virtude do direito de portabilidade, os interessados ter\u00e3o direito a obter os seus dados pessoais num formato estruturado de utiliza\u00e7\u00e3o comum e leitura mec\u00e2nica e transmiti-lo a outro respons\u00e1vel.<\/span>\n\t\t\t\t\t\t\t\t\t<\/li>\n\t\t\t\t\t\t<\/ul>\n\t\t\t\t\t\t<\/div>\n\t\t\t\t<\/div>\n\t\t\t\t<div class=\"elementor-element elementor-element-b124a16 elementor-widget elementor-widget-spacer\" data-id=\"b124a16\" data-element_type=\"widget\" data-widget_type=\"spacer.default\">\n\t\t\t\t<div class=\"elementor-widget-container\">\n\t\t\t\t\t\t\t<div class=\"elementor-spacer\">\n\t\t\t<div class=\"elementor-spacer-inner\"><\/div>\n\t\t<\/div>\n\t\t\t\t\t\t<\/div>\n\t\t\t\t<\/div>\n\t\t\t\t<div class=\"elementor-element elementor-element-c165e60 elementor-widget elementor-widget-text-editor\" data-id=\"c165e60\" data-element_type=\"widget\" data-widget_type=\"text-editor.default\">\n\t\t\t\t<div class=\"elementor-widget-container\">\n\t\t\t\t\t\t\t\t\t<p>O titular pode exercer os seus direitos:<\/p>\t\t\t\t\t\t\t\t<\/div>\n\t\t\t\t<\/div>\n\t\t\t\t<div class=\"elementor-element elementor-element-65417e9 elementor-icon-list--layout-traditional elementor-list-item-link-full_width elementor-widget elementor-widget-icon-list\" data-id=\"65417e9\" data-element_type=\"widget\" data-widget_type=\"icon-list.default\">\n\t\t\t\t<div class=\"elementor-widget-container\">\n\t\t\t\t\t\t\t<ul class=\"elementor-icon-list-items\">\n\t\t\t\t\t\t\t<li class=\"elementor-icon-list-item\">\n\t\t\t\t\t\t\t\t\t\t\t<span class=\"elementor-icon-list-icon\">\n\t\t\t\t\t\t\t<i aria-hidden=\"true\" class=\"fas fa-square-full\"><\/i>\t\t\t\t\t\t<\/span>\n\t\t\t\t\t\t\t\t\t\t<span class=\"elementor-icon-list-text\">Atrav\u00e9s de carta dirigida a EMPRESA, Carretera de Rub\u00ed 102, 2\u00aa, 08174, Sant Cugat del Vall\u00e9s (Barcelona, ESPANHA), refer\u00eancia \u00abProtecci\u00f3n de Datos\u00bb (Prote\u00e7\u00e3o de Dados) ou enviando um e-mail para o endere\u00e7o lopd@construcia.com.<\/span>\n\t\t\t\t\t\t\t\t\t<\/li>\n\t\t\t\t\t\t<\/ul>\n\t\t\t\t\t\t<\/div>\n\t\t\t\t<\/div>\n\t\t\t\t<div class=\"elementor-element elementor-element-2c232d0 elementor-widget elementor-widget-spacer\" data-id=\"2c232d0\" data-element_type=\"widget\" data-widget_type=\"spacer.default\">\n\t\t\t\t<div class=\"elementor-widget-container\">\n\t\t\t\t\t\t\t<div class=\"elementor-spacer\">\n\t\t\t<div class=\"elementor-spacer-inner\"><\/div>\n\t\t<\/div>\n\t\t\t\t\t\t<\/div>\n\t\t\t\t<\/div>\n\t\t\t\t<div class=\"elementor-element elementor-element-8e2cba3 elementor-widget elementor-widget-text-editor\" data-id=\"8e2cba3\" data-element_type=\"widget\" data-widget_type=\"text-editor.default\">\n\t\t\t\t<div class=\"elementor-widget-container\">\n\t\t\t\t\t\t\t\t\t<p>Se considerar que os seus direitos n\u00e3o foram devidamente respeitados, tem o direito de apresentar uma reclama\u00e7\u00e3o \u00e0 Agencia Espa\u00f1ola de Protecci\u00f3n de Datos.<\/p>\t\t\t\t\t\t\t\t<\/div>\n\t\t\t\t<\/div>\n\t\t\t\t<div class=\"elementor-element elementor-element-321eb9f elementor-widget elementor-widget-spacer\" data-id=\"321eb9f\" data-element_type=\"widget\" data-widget_type=\"spacer.default\">\n\t\t\t\t<div class=\"elementor-widget-container\">\n\t\t\t\t\t\t\t<div class=\"elementor-spacer\">\n\t\t\t<div class=\"elementor-spacer-inner\"><\/div>\n\t\t<\/div>\n\t\t\t\t\t\t<\/div>\n\t\t\t\t<\/div>\n\t\t\t\t<div class=\"elementor-element elementor-element-6cafdb1 elementor-widget elementor-widget-spacer\" data-id=\"6cafdb1\" data-element_type=\"widget\" data-widget_type=\"spacer.default\">\n\t\t\t\t<div class=\"elementor-widget-container\">\n\t\t\t\t\t\t\t<div class=\"elementor-spacer\">\n\t\t\t<div class=\"elementor-spacer-inner\"><\/div>\n\t\t<\/div>\n\t\t\t\t\t\t<\/div>\n\t\t\t\t<\/div>\n\t\t\t\t\t<\/div>\n\t\t<\/div>\n\t\t\t\t\t<\/div>\n\t\t<\/section>\n\t\t\t\t<\/div>\n\t\t","protected":false},"excerpt":{"rendered":"<p>Utiliza\u00e7\u00e3o e finalidade dos dados obtidos Os dados que lhe pedimos nos diferentes formul\u00e1rios do nosso s\u00edtio web s\u00e3o adequados, pertinentes e estritamente necess\u00e1rios para gerirmos e processarmos o pedido que nos fez e podermos enviar-lhe informa\u00e7\u00f5es sobre os nossos servi\u00e7os e, em caso algum, o utilizador \u00e9 obrigado a facult\u00e1-los. Informamos-lhe que os seus [&hellip;]<\/p>\n","protected":false},"author":17,"featured_media":0,"parent":0,"menu_order":0,"comment_status":"closed","ping_status":"closed","template":"template-pages\/template-cookies.php","meta":{"_acf_changed":false,"inline_featured_image":false,"footnotes":""},"class_list":["post-4621","page","type-page","status-publish","hentry"],"acf":[],"yoast_head":"<!-- This site is optimized with the Yoast SEO plugin v26.0 - https:\/\/yoast.com\/wordpress\/plugins\/seo\/ -->\n<title>Pol\u00edtica de Privacidade - Construc\u00eda<\/title>\n<meta name=\"robots\" content=\"noindex, follow\" \/>\n<meta property=\"og:locale\" content=\"pt_PT\" \/>\n<meta property=\"og:type\" content=\"article\" \/>\n<meta property=\"og:title\" content=\"Pol\u00edtica de Privacidade - Construc\u00eda\" \/>\n<meta property=\"og:description\" content=\"Utiliza\u00e7\u00e3o e finalidade dos dados obtidos Os dados que lhe pedimos nos diferentes formul\u00e1rios do nosso s\u00edtio web s\u00e3o adequados, pertinentes e estritamente necess\u00e1rios para gerirmos e processarmos o pedido que nos fez e podermos enviar-lhe informa\u00e7\u00f5es sobre os nossos servi\u00e7os e, em caso algum, o utilizador \u00e9 obrigado a facult\u00e1-los. Informamos-lhe que os seus [&hellip;]\" \/>\n<meta property=\"og:url\" content=\"https:\/\/construcia-stg.servidortemporal.net\/pt\/politica-de-privacidad\/\" \/>\n<meta property=\"og:site_name\" content=\"Construc\u00eda\" \/>\n<meta property=\"article:modified_time\" content=\"2023-10-13T11:57:02+00:00\" \/>\n<meta name=\"twitter:card\" content=\"summary_large_image\" \/>\n<meta name=\"twitter:label1\" content=\"Est. reading time\" \/>\n\t<meta name=\"twitter:data1\" content=\"3 minutes\" \/>\n<script type=\"application\/ld+json\" class=\"yoast-schema-graph\">{\"@context\":\"https:\/\/schema.org\",\"@graph\":[{\"@type\":\"WebPage\",\"@id\":\"https:\/\/construcia-stg.servidortemporal.net\/pt\/politica-de-privacidad\/\",\"url\":\"https:\/\/construcia-stg.servidortemporal.net\/pt\/politica-de-privacidad\/\",\"name\":\"Pol\u00edtica de Privacidade - Construc\u00eda\",\"isPartOf\":{\"@id\":\"https:\/\/construcia-stg.servidortemporal.net\/pt\/#website\"},\"datePublished\":\"2019-10-28T14:51:13+00:00\",\"dateModified\":\"2023-10-13T11:57:02+00:00\",\"breadcrumb\":{\"@id\":\"https:\/\/construcia-stg.servidortemporal.net\/pt\/politica-de-privacidad\/#breadcrumb\"},\"inLanguage\":\"pt\",\"potentialAction\":[{\"@type\":\"ReadAction\",\"target\":[\"https:\/\/construcia-stg.servidortemporal.net\/pt\/politica-de-privacidad\/\"]}]},{\"@type\":\"BreadcrumbList\",\"@id\":\"https:\/\/construcia-stg.servidortemporal.net\/pt\/politica-de-privacidad\/#breadcrumb\",\"itemListElement\":[{\"@type\":\"ListItem\",\"position\":1,\"name\":\"Portada\",\"item\":\"https:\/\/construcia-stg.servidortemporal.net\/pt\/\"},{\"@type\":\"ListItem\",\"position\":2,\"name\":\"Pol\u00edtica de Privacidade\"}]},{\"@type\":\"WebSite\",\"@id\":\"https:\/\/construcia-stg.servidortemporal.net\/pt\/#website\",\"url\":\"https:\/\/construcia-stg.servidortemporal.net\/pt\/\",\"name\":\"Construc\u00eda\",\"description\":\"\",\"publisher\":{\"@id\":\"https:\/\/construcia-stg.servidortemporal.net\/pt\/#organization\"},\"potentialAction\":[{\"@type\":\"SearchAction\",\"target\":{\"@type\":\"EntryPoint\",\"urlTemplate\":\"https:\/\/construcia-stg.servidortemporal.net\/pt\/?s={search_term_string}\"},\"query-input\":{\"@type\":\"PropertyValueSpecification\",\"valueRequired\":true,\"valueName\":\"search_term_string\"}}],\"inLanguage\":\"pt\"},{\"@type\":\"Organization\",\"@id\":\"https:\/\/construcia-stg.servidortemporal.net\/pt\/#organization\",\"name\":\"Construc\u00eda\",\"url\":\"https:\/\/construcia-stg.servidortemporal.net\/pt\/\",\"logo\":{\"@type\":\"ImageObject\",\"inLanguage\":\"pt\",\"@id\":\"https:\/\/construcia-stg.servidortemporal.net\/pt\/#\/schema\/logo\/image\/\",\"url\":\"https:\/\/construcia-stg.servidortemporal.net\/wp-content\/uploads\/2018\/06\/logo-construcia-ok.png\",\"contentUrl\":\"https:\/\/construcia-stg.servidortemporal.net\/wp-content\/uploads\/2018\/06\/logo-construcia-ok.png\",\"width\":327,\"height\":66,\"caption\":\"Construc\u00eda\"},\"image\":{\"@id\":\"https:\/\/construcia-stg.servidortemporal.net\/pt\/#\/schema\/logo\/image\/\"}}]}<\/script>\n<!-- \/ Yoast SEO plugin. -->","yoast_head_json":{"title":"Pol\u00edtica de Privacidade - Construc\u00eda","robots":{"index":"noindex","follow":"follow"},"og_locale":"pt_PT","og_type":"article","og_title":"Pol\u00edtica de Privacidade - Construc\u00eda","og_description":"Utiliza\u00e7\u00e3o e finalidade dos dados obtidos Os dados que lhe pedimos nos diferentes formul\u00e1rios do nosso s\u00edtio web s\u00e3o adequados, pertinentes e estritamente necess\u00e1rios para gerirmos e processarmos o pedido que nos fez e podermos enviar-lhe informa\u00e7\u00f5es sobre os nossos servi\u00e7os e, em caso algum, o utilizador \u00e9 obrigado a facult\u00e1-los. Informamos-lhe que os seus [&hellip;]","og_url":"https:\/\/construcia-stg.servidortemporal.net\/pt\/politica-de-privacidad\/","og_site_name":"Construc\u00eda","article_modified_time":"2023-10-13T11:57:02+00:00","twitter_card":"summary_large_image","twitter_misc":{"Est. reading time":"3 minutes"},"schema":{"@context":"https:\/\/schema.org","@graph":[{"@type":"WebPage","@id":"https:\/\/construcia-stg.servidortemporal.net\/pt\/politica-de-privacidad\/","url":"https:\/\/construcia-stg.servidortemporal.net\/pt\/politica-de-privacidad\/","name":"Pol\u00edtica de Privacidade - Construc\u00eda","isPartOf":{"@id":"https:\/\/construcia-stg.servidortemporal.net\/pt\/#website"},"datePublished":"2019-10-28T14:51:13+00:00","dateModified":"2023-10-13T11:57:02+00:00","breadcrumb":{"@id":"https:\/\/construcia-stg.servidortemporal.net\/pt\/politica-de-privacidad\/#breadcrumb"},"inLanguage":"pt","potentialAction":[{"@type":"ReadAction","target":["https:\/\/construcia-stg.servidortemporal.net\/pt\/politica-de-privacidad\/"]}]},{"@type":"BreadcrumbList","@id":"https:\/\/construcia-stg.servidortemporal.net\/pt\/politica-de-privacidad\/#breadcrumb","itemListElement":[{"@type":"ListItem","position":1,"name":"Portada","item":"https:\/\/construcia-stg.servidortemporal.net\/pt\/"},{"@type":"ListItem","position":2,"name":"Pol\u00edtica de Privacidade"}]},{"@type":"WebSite","@id":"https:\/\/construcia-stg.servidortemporal.net\/pt\/#website","url":"https:\/\/construcia-stg.servidortemporal.net\/pt\/","name":"Construc\u00eda","description":"","publisher":{"@id":"https:\/\/construcia-stg.servidortemporal.net\/pt\/#organization"},"potentialAction":[{"@type":"SearchAction","target":{"@type":"EntryPoint","urlTemplate":"https:\/\/construcia-stg.servidortemporal.net\/pt\/?s={search_term_string}"},"query-input":{"@type":"PropertyValueSpecification","valueRequired":true,"valueName":"search_term_string"}}],"inLanguage":"pt"},{"@type":"Organization","@id":"https:\/\/construcia-stg.servidortemporal.net\/pt\/#organization","name":"Construc\u00eda","url":"https:\/\/construcia-stg.servidortemporal.net\/pt\/","logo":{"@type":"ImageObject","inLanguage":"pt","@id":"https:\/\/construcia-stg.servidortemporal.net\/pt\/#\/schema\/logo\/image\/","url":"https:\/\/construcia-stg.servidortemporal.net\/wp-content\/uploads\/2018\/06\/logo-construcia-ok.png","contentUrl":"https:\/\/construcia-stg.servidortemporal.net\/wp-content\/uploads\/2018\/06\/logo-construcia-ok.png","width":327,"height":66,"caption":"Construc\u00eda"},"image":{"@id":"https:\/\/construcia-stg.servidortemporal.net\/pt\/#\/schema\/logo\/image\/"}}]}},"_links":{"self":[{"href":"https:\/\/construcia-stg.servidortemporal.net\/pt\/wp-json\/wp\/v2\/pages\/4621","targetHints":{"allow":["GET"]}}],"collection":[{"href":"https:\/\/construcia-stg.servidortemporal.net\/pt\/wp-json\/wp\/v2\/pages"}],"about":[{"href":"https:\/\/construcia-stg.servidortemporal.net\/pt\/wp-json\/wp\/v2\/types\/page"}],"author":[{"embeddable":true,"href":"https:\/\/construcia-stg.servidortemporal.net\/pt\/wp-json\/wp\/v2\/users\/17"}],"replies":[{"embeddable":true,"href":"https:\/\/construcia-stg.servidortemporal.net\/pt\/wp-json\/wp\/v2\/comments?post=4621"}],"version-history":[{"count":10,"href":"https:\/\/construcia-stg.servidortemporal.net\/pt\/wp-json\/wp\/v2\/pages\/4621\/revisions"}],"predecessor-version":[{"id":11217,"href":"https:\/\/construcia-stg.servidortemporal.net\/pt\/wp-json\/wp\/v2\/pages\/4621\/revisions\/11217"}],"wp:attachment":[{"href":"https:\/\/construcia-stg.servidortemporal.net\/pt\/wp-json\/wp\/v2\/media?parent=4621"}],"curies":[{"name":"wp","href":"https:\/\/api.w.org\/{rel}","templated":true}]}}