{"id":4625,"date":"2019-10-28T16:49:58","date_gmt":"2019-10-28T14:49:58","guid":{"rendered":"https:\/\/sftp.construcia.com\/?page_id=4625"},"modified":"2023-10-19T16:22:02","modified_gmt":"2023-10-19T14:22:02","slug":"aviso-legal","status":"publish","type":"page","link":"https:\/\/construcia-stg.servidortemporal.net\/pt\/aviso-legal\/","title":{"rendered":"Aviso legal"},"content":{"rendered":"\t\t<div data-elementor-type=\"wp-page\" data-elementor-id=\"4625\" class=\"elementor elementor-4625 elementor-4612\" data-elementor-post-type=\"page\">\n\t\t\t\t\t\t<section class=\"elementor-section elementor-top-section elementor-element elementor-element-73dc5c3 elementor-section-boxed elementor-section-height-default elementor-section-height-default\" data-id=\"73dc5c3\" data-element_type=\"section\">\n\t\t\t\t\t\t<div class=\"elementor-container elementor-column-gap-default\">\n\t\t\t\t\t<div class=\"elementor-column elementor-col-100 elementor-top-column elementor-element elementor-element-e8370cb\" data-id=\"e8370cb\" data-element_type=\"column\">\n\t\t\t<div class=\"elementor-widget-wrap elementor-element-populated\">\n\t\t\t\t\t\t<div class=\"elementor-element elementor-element-9ef58c0 elementor-widget elementor-widget-spacer\" data-id=\"9ef58c0\" data-element_type=\"widget\" data-widget_type=\"spacer.default\">\n\t\t\t\t<div class=\"elementor-widget-container\">\n\t\t\t\t\t\t\t<div class=\"elementor-spacer\">\n\t\t\t<div class=\"elementor-spacer-inner\"><\/div>\n\t\t<\/div>\n\t\t\t\t\t\t<\/div>\n\t\t\t\t<\/div>\n\t\t\t\t\t<\/div>\n\t\t<\/div>\n\t\t\t\t\t<\/div>\n\t\t<\/section>\n\t\t\t\t<section class=\"elementor-section elementor-top-section elementor-element elementor-element-1c57fa78 elementor-section-boxed elementor-section-height-default elementor-section-height-default\" data-id=\"1c57fa78\" data-element_type=\"section\">\n\t\t\t\t\t\t<div class=\"elementor-container elementor-column-gap-no\">\n\t\t\t\t\t<div class=\"elementor-column elementor-col-100 elementor-top-column elementor-element elementor-element-728dc691\" data-id=\"728dc691\" data-element_type=\"column\">\n\t\t\t<div class=\"elementor-widget-wrap elementor-element-populated\">\n\t\t\t\t\t\t<div class=\"elementor-element elementor-element-406ebb62 elementor-widget elementor-widget-spacer\" data-id=\"406ebb62\" data-element_type=\"widget\" data-widget_type=\"spacer.default\">\n\t\t\t\t<div class=\"elementor-widget-container\">\n\t\t\t\t\t\t\t<div class=\"elementor-spacer\">\n\t\t\t<div class=\"elementor-spacer-inner\"><\/div>\n\t\t<\/div>\n\t\t\t\t\t\t<\/div>\n\t\t\t\t<\/div>\n\t\t\t\t<div class=\"elementor-element elementor-element-54e4de8f elementor-widget elementor-widget-text-editor\" data-id=\"54e4de8f\" data-element_type=\"widget\" data-widget_type=\"text-editor.default\">\n\t\t\t\t<div class=\"elementor-widget-container\">\n\t\t\t\t\t\t\t\t\t<p style=\"margin: 0cm 0cm 0.0001pt; font-size: 12pt; font-family: 'Times New Roman', serif; letter-spacing: normal; line-height: 22.5pt;\"><strong><span lang=\"PT\" style=\"font-family: Poppins, serif; padding: 0cm; border: 1pt none windowtext;\">Denomina\u00e7\u00e3o:<\/span><\/strong><span lang=\"PT\" style=\"font-family: Poppins, serif;\">\u00a0CONSTRUC\u00cdA, S.L.<br \/><strong><span style=\"font-family: Poppins, serif; padding: 0cm; border: 1pt none windowtext;\">Endere\u00e7o:<\/span><\/strong> Carretera de Rub\u00ed 102, 2\u00aa, 08174, Sant Cugat del Vall\u00e9s (Barcelona, Espanha).<br \/><strong><span style=\"font-family: Poppins, serif; padding: 0cm; border: 1pt none windowtext;\">Telefone \/ FAXE:<\/span><\/strong>\u00a0(+34) 93 544 18 11<br \/><strong><span style=\"font-family: Poppins, serif; padding: 0cm; border: 1pt none windowtext;\">E-mail:<\/span><\/strong>\u00a0construcia@construcia.com<br \/>Inscrita no registo comercial de Barcelona no Tomo 34399 F\u00f3lio 79 Folha B-245332. Inscri\u00e7\u00e3o 1<br \/>NIPC B62819792<\/span><\/p>\t\t\t\t\t\t\t\t<\/div>\n\t\t\t\t<\/div>\n\t\t\t\t<div class=\"elementor-element elementor-element-3b6842bc elementor-widget elementor-widget-spacer\" data-id=\"3b6842bc\" data-element_type=\"widget\" data-widget_type=\"spacer.default\">\n\t\t\t\t<div class=\"elementor-widget-container\">\n\t\t\t\t\t\t\t<div class=\"elementor-spacer\">\n\t\t\t<div class=\"elementor-spacer-inner\"><\/div>\n\t\t<\/div>\n\t\t\t\t\t\t<\/div>\n\t\t\t\t<\/div>\n\t\t\t\t<div class=\"elementor-element elementor-element-728fbc3 elementor-widget elementor-widget-text-editor\" data-id=\"728fbc3\" data-element_type=\"widget\" data-widget_type=\"text-editor.default\">\n\t\t\t\t<div class=\"elementor-widget-container\">\n\t\t\t\t\t\t\t\t\t<p>Os direitos de propriedade industrial e intelectual do s\u00edtio Web\u00a0<a href=\"http:\/\/construcia-stg.servidortemporal.net\/\"><strong>www.construcia.com<\/strong><\/a>, o seu c\u00f3digo-fonte, design, estrutura de navega\u00e7\u00e3o, bases de dados e os diferentes elementos inclu\u00eddos no mesmo s\u00e3o propriedade da Construc\u00eda SL, a quem corresponde o exerc\u00edcio exclusivo dos direitos de explora\u00e7\u00e3o dos mesmos, seja de que forma for, e em especial os direitos de reprodu\u00e7\u00e3o, distribui\u00e7\u00e3o, comunica\u00e7\u00e3o p\u00fablica, disponibiliza\u00e7\u00e3o e transforma\u00e7\u00e3o.<\/p><p>No que diz respeito aos servi\u00e7os de terceiros que possam aparecer no s\u00edtio Web, a Construc\u00eda SL reconhece a favor dos seus propriet\u00e1rios os correspondentes direitos de propriedade industrial e intelectual. A sua men\u00e7\u00e3o ou aparecimento no s\u00edtio Web n\u00e3o implica a exist\u00eancia de direitos sobre as mesmas.<\/p><p>A utiliza\u00e7\u00e3o n\u00e3o autorizada das informa\u00e7\u00f5es inclu\u00eddas neste s\u00edtio web, a sua revenda, bem como o preju\u00edzo dos direitos de propriedade industrial ou intelectual da Construc\u00eda S.L. dar\u00e3o lugar \u00e0s responsabilidades legalmente estabelecidas.<\/p><p>A Construc\u00eda , S.L. reserva o direito de atualizar, modificar ou eliminar as informa\u00e7\u00f5es inclu\u00eddas no seu s\u00edtio Web, bem como o seu direito de configura\u00e7\u00e3o e de estabelecimento de presta\u00e7\u00f5es ou condi\u00e7\u00f5es de acesso e utiliza\u00e7\u00e3o a qualquer momento e sem necessidade de aviso pr\u00e9vio.<\/p><p>A Construc\u00eda, S.L. n\u00e3o garante a inexist\u00eancia de interrup\u00e7\u00f5es ou erros no acesso ao s\u00edtio Web, nem assumir\u00e1 responsabilidade alguma por problemas t\u00e9cnicos ou falhas ocorridas durante a liga\u00e7\u00e3o \u00e0 Internet.<\/p><p>A Construc\u00eda, S.L. reserva alguns dos servi\u00e7os oferecidos atrav\u00e9s do s\u00edtio Web, tais como a \u00c1rea dos Clientes, aos utilizadores com c\u00f3digo atribu\u00eddo pela Construc\u00eda S.L.<\/p><p>A Construc\u00eda, S.L. tamb\u00e9m n\u00e3o garante a aus\u00eancia de v\u00edrus ou de outros elementos que possam produzir altera\u00e7\u00f5es no seu sistema inform\u00e1tico (software e hardware) ou nos documentos eletr\u00f3nicos e nos ficheiros armazenados no seu sistema inform\u00e1tico. Como tal, exclui qualquer responsabilidade pelos danos ou preju\u00edzos que possam ocorrer no sistema inform\u00e1tico, nos documentos eletr\u00f3nicos ou nos ficheiros dos utilizadores.<\/p><p>A presta\u00e7\u00e3o do servi\u00e7o do s\u00edtio Web e dos restantes servi\u00e7os tem, em princ\u00edpio, uma dura\u00e7\u00e3o indefinida. No entanto, a Construc\u00eda, S.L. est\u00e1 autorizada a encerrar ou suspender a presta\u00e7\u00e3o do servi\u00e7o a qualquer momento. \u00c9 expressamente proibido modificar, transmitir, distribuir, reutilizar, reenviar ou usar a totalidade ou parte do conte\u00fado deste s\u00edtio Web (textos, imagens, \u00e1udio e\/ou v\u00eddeo) para prop\u00f3sitos p\u00fablicos ou comerciais sem a autoriza\u00e7\u00e3o por escrito da Construc\u00eda, S.L.<\/p><p>Todos os utilizadores ou terceiros que pretendam incluir no seu s\u00edtio Web qualquer tipo de liga\u00e7\u00e3o ou hiperliga\u00e7\u00e3o com associa\u00e7\u00e3o ao s\u00edtio Web da Construc\u00eda, S.L. ou \u00e0s p\u00e1ginas que o comp\u00f5em, dever\u00e1 notificar previamente a Construc\u00eda, S.L., que dever\u00e1 dar o seu consentimento expresso relativamente a essa liga\u00e7\u00e3o ou hiperliga\u00e7\u00e3o.<\/p><p>Este s\u00edtio Web utiliza <em>cookies<\/em> (ficheiros de pequenas dimens\u00f5es que o servidor da Construc\u00eda, S.L. envia ao computador do utilizador da p\u00e1gina) na medida imprescind\u00edvel para o correto funcionamento e visualiza\u00e7\u00e3o do s\u00edtio Web pelo utilizador.<\/p>\t\t\t\t\t\t\t\t<\/div>\n\t\t\t\t<\/div>\n\t\t\t\t<div class=\"elementor-element elementor-element-72e1bf0 elementor-widget elementor-widget-spacer\" data-id=\"72e1bf0\" data-element_type=\"widget\" data-widget_type=\"spacer.default\">\n\t\t\t\t<div class=\"elementor-widget-container\">\n\t\t\t\t\t\t\t<div class=\"elementor-spacer\">\n\t\t\t<div class=\"elementor-spacer-inner\"><\/div>\n\t\t<\/div>\n\t\t\t\t\t\t<\/div>\n\t\t\t\t<\/div>\n\t\t\t\t\t<\/div>\n\t\t<\/div>\n\t\t\t\t\t<\/div>\n\t\t<\/section>\n\t\t\t\t<\/div>\n\t\t","protected":false},"excerpt":{"rendered":"<p>Denomina\u00e7\u00e3o:\u00a0CONSTRUC\u00cdA, S.L.Endere\u00e7o: Carretera de Rub\u00ed 102, 2\u00aa, 08174, Sant Cugat del Vall\u00e9s (Barcelona, Espanha).Telefone \/ FAXE:\u00a0(+34) 93 544 18 11E-mail:\u00a0construcia@construcia.comInscrita no registo comercial de Barcelona no Tomo 34399 F\u00f3lio 79 Folha B-245332. Inscri\u00e7\u00e3o 1NIPC B62819792 Os direitos de propriedade industrial e intelectual do s\u00edtio Web\u00a0www.construcia.com, o seu c\u00f3digo-fonte, design, estrutura de navega\u00e7\u00e3o, bases de dados [&hellip;]<\/p>\n","protected":false},"author":17,"featured_media":0,"parent":0,"menu_order":0,"comment_status":"closed","ping_status":"closed","template":"template-pages\/template-cookies.php","meta":{"_acf_changed":false,"inline_featured_image":false,"footnotes":""},"class_list":["post-4625","page","type-page","status-publish","hentry"],"acf":[],"yoast_head":"<!-- This site is optimized with the Yoast SEO plugin v26.0 - https:\/\/yoast.com\/wordpress\/plugins\/seo\/ -->\n<title>Aviso legal - Construc\u00eda<\/title>\n<meta name=\"robots\" content=\"noindex, follow\" \/>\n<meta property=\"og:locale\" content=\"pt_PT\" \/>\n<meta property=\"og:type\" content=\"article\" \/>\n<meta property=\"og:title\" content=\"Aviso legal - Construc\u00eda\" \/>\n<meta property=\"og:description\" content=\"Denomina\u00e7\u00e3o:\u00a0CONSTRUC\u00cdA, S.L.Endere\u00e7o: Carretera de Rub\u00ed 102, 2\u00aa, 08174, Sant Cugat del Vall\u00e9s (Barcelona, Espanha).Telefone \/ FAXE:\u00a0(+34) 93 544 18 11E-mail:\u00a0construcia@construcia.comInscrita no registo comercial de Barcelona no Tomo 34399 F\u00f3lio 79 Folha B-245332. Inscri\u00e7\u00e3o 1NIPC B62819792 Os direitos de propriedade industrial e intelectual do s\u00edtio Web\u00a0www.construcia.com, o seu c\u00f3digo-fonte, design, estrutura de navega\u00e7\u00e3o, bases de dados [&hellip;]\" \/>\n<meta property=\"og:url\" content=\"https:\/\/construcia-stg.servidortemporal.net\/pt\/aviso-legal\/\" \/>\n<meta property=\"og:site_name\" content=\"Construc\u00eda\" \/>\n<meta property=\"article:modified_time\" content=\"2023-10-19T14:22:02+00:00\" \/>\n<meta name=\"twitter:card\" content=\"summary_large_image\" \/>\n<meta name=\"twitter:label1\" content=\"Est. reading time\" \/>\n\t<meta name=\"twitter:data1\" content=\"3 minutes\" \/>\n<script type=\"application\/ld+json\" class=\"yoast-schema-graph\">{\"@context\":\"https:\/\/schema.org\",\"@graph\":[{\"@type\":\"WebPage\",\"@id\":\"https:\/\/construcia-stg.servidortemporal.net\/pt\/aviso-legal\/\",\"url\":\"https:\/\/construcia-stg.servidortemporal.net\/pt\/aviso-legal\/\",\"name\":\"Aviso legal - Construc\u00eda\",\"isPartOf\":{\"@id\":\"https:\/\/construcia-stg.servidortemporal.net\/pt\/#website\"},\"datePublished\":\"2019-10-28T14:49:58+00:00\",\"dateModified\":\"2023-10-19T14:22:02+00:00\",\"breadcrumb\":{\"@id\":\"https:\/\/construcia-stg.servidortemporal.net\/pt\/aviso-legal\/#breadcrumb\"},\"inLanguage\":\"pt\",\"potentialAction\":[{\"@type\":\"ReadAction\",\"target\":[\"https:\/\/construcia-stg.servidortemporal.net\/pt\/aviso-legal\/\"]}]},{\"@type\":\"BreadcrumbList\",\"@id\":\"https:\/\/construcia-stg.servidortemporal.net\/pt\/aviso-legal\/#breadcrumb\",\"itemListElement\":[{\"@type\":\"ListItem\",\"position\":1,\"name\":\"Portada\",\"item\":\"https:\/\/construcia-stg.servidortemporal.net\/pt\/\"},{\"@type\":\"ListItem\",\"position\":2,\"name\":\"Aviso legal\"}]},{\"@type\":\"WebSite\",\"@id\":\"https:\/\/construcia-stg.servidortemporal.net\/pt\/#website\",\"url\":\"https:\/\/construcia-stg.servidortemporal.net\/pt\/\",\"name\":\"Construc\u00eda\",\"description\":\"\",\"publisher\":{\"@id\":\"https:\/\/construcia-stg.servidortemporal.net\/pt\/#organization\"},\"potentialAction\":[{\"@type\":\"SearchAction\",\"target\":{\"@type\":\"EntryPoint\",\"urlTemplate\":\"https:\/\/construcia-stg.servidortemporal.net\/pt\/?s={search_term_string}\"},\"query-input\":{\"@type\":\"PropertyValueSpecification\",\"valueRequired\":true,\"valueName\":\"search_term_string\"}}],\"inLanguage\":\"pt\"},{\"@type\":\"Organization\",\"@id\":\"https:\/\/construcia-stg.servidortemporal.net\/pt\/#organization\",\"name\":\"Construc\u00eda\",\"url\":\"https:\/\/construcia-stg.servidortemporal.net\/pt\/\",\"logo\":{\"@type\":\"ImageObject\",\"inLanguage\":\"pt\",\"@id\":\"https:\/\/construcia-stg.servidortemporal.net\/pt\/#\/schema\/logo\/image\/\",\"url\":\"https:\/\/construcia-stg.servidortemporal.net\/wp-content\/uploads\/2018\/06\/logo-construcia-ok.png\",\"contentUrl\":\"https:\/\/construcia-stg.servidortemporal.net\/wp-content\/uploads\/2018\/06\/logo-construcia-ok.png\",\"width\":327,\"height\":66,\"caption\":\"Construc\u00eda\"},\"image\":{\"@id\":\"https:\/\/construcia-stg.servidortemporal.net\/pt\/#\/schema\/logo\/image\/\"}}]}<\/script>\n<!-- \/ Yoast SEO plugin. -->","yoast_head_json":{"title":"Aviso legal - Construc\u00eda","robots":{"index":"noindex","follow":"follow"},"og_locale":"pt_PT","og_type":"article","og_title":"Aviso legal - Construc\u00eda","og_description":"Denomina\u00e7\u00e3o:\u00a0CONSTRUC\u00cdA, S.L.Endere\u00e7o: Carretera de Rub\u00ed 102, 2\u00aa, 08174, Sant Cugat del Vall\u00e9s (Barcelona, Espanha).Telefone \/ FAXE:\u00a0(+34) 93 544 18 11E-mail:\u00a0construcia@construcia.comInscrita no registo comercial de Barcelona no Tomo 34399 F\u00f3lio 79 Folha B-245332. Inscri\u00e7\u00e3o 1NIPC B62819792 Os direitos de propriedade industrial e intelectual do s\u00edtio Web\u00a0www.construcia.com, o seu c\u00f3digo-fonte, design, estrutura de navega\u00e7\u00e3o, bases de dados [&hellip;]","og_url":"https:\/\/construcia-stg.servidortemporal.net\/pt\/aviso-legal\/","og_site_name":"Construc\u00eda","article_modified_time":"2023-10-19T14:22:02+00:00","twitter_card":"summary_large_image","twitter_misc":{"Est. reading time":"3 minutes"},"schema":{"@context":"https:\/\/schema.org","@graph":[{"@type":"WebPage","@id":"https:\/\/construcia-stg.servidortemporal.net\/pt\/aviso-legal\/","url":"https:\/\/construcia-stg.servidortemporal.net\/pt\/aviso-legal\/","name":"Aviso legal - Construc\u00eda","isPartOf":{"@id":"https:\/\/construcia-stg.servidortemporal.net\/pt\/#website"},"datePublished":"2019-10-28T14:49:58+00:00","dateModified":"2023-10-19T14:22:02+00:00","breadcrumb":{"@id":"https:\/\/construcia-stg.servidortemporal.net\/pt\/aviso-legal\/#breadcrumb"},"inLanguage":"pt","potentialAction":[{"@type":"ReadAction","target":["https:\/\/construcia-stg.servidortemporal.net\/pt\/aviso-legal\/"]}]},{"@type":"BreadcrumbList","@id":"https:\/\/construcia-stg.servidortemporal.net\/pt\/aviso-legal\/#breadcrumb","itemListElement":[{"@type":"ListItem","position":1,"name":"Portada","item":"https:\/\/construcia-stg.servidortemporal.net\/pt\/"},{"@type":"ListItem","position":2,"name":"Aviso legal"}]},{"@type":"WebSite","@id":"https:\/\/construcia-stg.servidortemporal.net\/pt\/#website","url":"https:\/\/construcia-stg.servidortemporal.net\/pt\/","name":"Construc\u00eda","description":"","publisher":{"@id":"https:\/\/construcia-stg.servidortemporal.net\/pt\/#organization"},"potentialAction":[{"@type":"SearchAction","target":{"@type":"EntryPoint","urlTemplate":"https:\/\/construcia-stg.servidortemporal.net\/pt\/?s={search_term_string}"},"query-input":{"@type":"PropertyValueSpecification","valueRequired":true,"valueName":"search_term_string"}}],"inLanguage":"pt"},{"@type":"Organization","@id":"https:\/\/construcia-stg.servidortemporal.net\/pt\/#organization","name":"Construc\u00eda","url":"https:\/\/construcia-stg.servidortemporal.net\/pt\/","logo":{"@type":"ImageObject","inLanguage":"pt","@id":"https:\/\/construcia-stg.servidortemporal.net\/pt\/#\/schema\/logo\/image\/","url":"https:\/\/construcia-stg.servidortemporal.net\/wp-content\/uploads\/2018\/06\/logo-construcia-ok.png","contentUrl":"https:\/\/construcia-stg.servidortemporal.net\/wp-content\/uploads\/2018\/06\/logo-construcia-ok.png","width":327,"height":66,"caption":"Construc\u00eda"},"image":{"@id":"https:\/\/construcia-stg.servidortemporal.net\/pt\/#\/schema\/logo\/image\/"}}]}},"_links":{"self":[{"href":"https:\/\/construcia-stg.servidortemporal.net\/pt\/wp-json\/wp\/v2\/pages\/4625","targetHints":{"allow":["GET"]}}],"collection":[{"href":"https:\/\/construcia-stg.servidortemporal.net\/pt\/wp-json\/wp\/v2\/pages"}],"about":[{"href":"https:\/\/construcia-stg.servidortemporal.net\/pt\/wp-json\/wp\/v2\/types\/page"}],"author":[{"embeddable":true,"href":"https:\/\/construcia-stg.servidortemporal.net\/pt\/wp-json\/wp\/v2\/users\/17"}],"replies":[{"embeddable":true,"href":"https:\/\/construcia-stg.servidortemporal.net\/pt\/wp-json\/wp\/v2\/comments?post=4625"}],"version-history":[{"count":7,"href":"https:\/\/construcia-stg.servidortemporal.net\/pt\/wp-json\/wp\/v2\/pages\/4625\/revisions"}],"predecessor-version":[{"id":11227,"href":"https:\/\/construcia-stg.servidortemporal.net\/pt\/wp-json\/wp\/v2\/pages\/4625\/revisions\/11227"}],"wp:attachment":[{"href":"https:\/\/construcia-stg.servidortemporal.net\/pt\/wp-json\/wp\/v2\/media?parent=4625"}],"curies":[{"name":"wp","href":"https:\/\/api.w.org\/{rel}","templated":true}]}}